{"id":3257,"date":"2024-09-10T13:41:50","date_gmt":"2024-09-10T13:41:50","guid":{"rendered":"https:\/\/sonnenpool.com\/?page_id=3257"},"modified":"2024-09-17T15:28:27","modified_gmt":"2024-09-17T15:28:27","slug":"haendler-bereich","status":"publish","type":"page","link":"https:\/\/sonnenpool.com\/de\/haendler-bereich\/","title":{"rendered":"H\u00e4ndler-Bereich"},"content":{"rendered":"[vc_row type=&#8220;full_width_background&#8220; full_screen_row_position=&#8220;middle&#8220; column_margin=&#8220;default&#8220; column_direction=&#8220;default&#8220; column_direction_tablet=&#8220;default&#8220; column_direction_phone=&#8220;default&#8220; bg_color=&#8220;#f4f4f4&#8243; scene_position=&#8220;center&#8220; top_padding=&#8220;15%&#8220; bottom_padding=&#8220;7%&#8220; top_padding_phone=&#8220;20%&#8220; text_color=&#8220;dark&#8220; text_align=&#8220;left&#8220; row_border_radius=&#8220;none&#8220; row_border_radius_applies=&#8220;bg&#8220; overflow=&#8220;visible&#8220; overlay_strength=&#8220;0.3&#8243; gradient_direction=&#8220;left_to_right&#8220; shape_divider_position=&#8220;bottom&#8220; bg_image_animation=&#8220;none&#8220; shape_type=&#8220;&#8220; gradient_type=&#8220;default&#8220;][vc_column column_padding=&#8220;no-extra-padding&#8220; column_padding_tablet=&#8220;inherit&#8220; column_padding_phone=&#8220;inherit&#8220; column_padding_position=&#8220;all&#8220; column_element_direction_desktop=&#8220;default&#8220; column_element_spacing=&#8220;default&#8220; desktop_text_alignment=&#8220;default&#8220; tablet_text_alignment=&#8220;default&#8220; phone_text_alignment=&#8220;default&#8220; background_color_opacity=&#8220;1&#8243; background_hover_color_opacity=&#8220;1&#8243; column_backdrop_filter=&#8220;none&#8220; column_shadow=&#8220;none&#8220; column_border_radius=&#8220;none&#8220; column_link_target=&#8220;_self&#8220; column_position=&#8220;default&#8220; gradient_direction=&#8220;left_to_right&#8220; overlay_strength=&#8220;0.3&#8243; width=&#8220;1\/2&#8243; tablet_width_inherit=&#8220;default&#8220; animation_type=&#8220;default&#8220; bg_image_animation=&#8220;none&#8220; border_type=&#8220;simple&#8220; column_border_width=&#8220;none&#8220; column_border_style=&#8220;solid&#8220;][vc_column_text css=&#8220;&#8220; text_direction=&#8220;default&#8220;]\n<h2>H\u00e4ndler-Bereich<\/h2>\n[\/vc_column_text][vc_column_text css=&#8220;&#8220; text_direction=&#8220;default&#8220;]\n<p class=\"p1\">Willkommen im Download-Bereich f\u00fcr Fachkr\u00e4fte, H\u00e4ndler, Schwimmbadplaner, und Partnerbetriebe. Bitte loggen Sie sich auf der Website ein, um die f\u00fcr Sie bereitgestellten Dateien einzusehen.<\/p>\n<p>Noch keinen pers\u00f6nlichen Zugang? <a href=\"https:\/\/sonnenpool.com\/kontakt\/\">Hier<\/a> geht&#8217;s lang.[\/vc_column_text][\/vc_column][vc_column column_padding=&#8220;no-extra-padding&#8220; column_padding_tablet=&#8220;inherit&#8220; column_padding_phone=&#8220;inherit&#8220; column_padding_position=&#8220;all&#8220; column_element_direction_desktop=&#8220;default&#8220; column_element_spacing=&#8220;default&#8220; desktop_text_alignment=&#8220;default&#8220; tablet_text_alignment=&#8220;default&#8220; phone_text_alignment=&#8220;default&#8220; background_color_opacity=&#8220;1&#8243; background_hover_color_opacity=&#8220;1&#8243; column_backdrop_filter=&#8220;none&#8220; column_shadow=&#8220;none&#8220; column_border_radius=&#8220;none&#8220; column_link_target=&#8220;_self&#8220; column_position=&#8220;default&#8220; gradient_direction=&#8220;left_to_right&#8220; overlay_strength=&#8220;0.3&#8243; width=&#8220;1\/2&#8243; tablet_width_inherit=&#8220;default&#8220; animation_type=&#8220;default&#8220; bg_image_animation=&#8220;none&#8220; border_type=&#8220;simple&#8220; column_border_width=&#8220;none&#8220; column_border_style=&#8220;solid&#8220;][vc_column_text css=&#8220;&#8220; text_direction=&#8220;default&#8220;]        <div class=\"members-login-form\">\n            <form name=\"loginform\" id=\"loginform\" action=\"https:\/\/sonnenpool.com\/de\/wp-login.php\" method=\"post\"><p class=\"login-username\">\n\t\t\t\t<label for=\"user_login\">Benutzername oder E-Mail-Adresse<\/label>\n\t\t\t\t<input type=\"text\" name=\"log\" id=\"user_login\" autocomplete=\"username\" class=\"input\" value=\"\" size=\"20\" \/>\n\t\t\t<\/p><p class=\"login-password\">\n\t\t\t\t<label for=\"user_pass\">Passwort<\/label>\n\t\t\t\t<input type=\"password\" name=\"pwd\" id=\"user_pass\" autocomplete=\"current-password\" spellcheck=\"false\" class=\"input\" value=\"\" size=\"20\" \/>\n\t\t\t<\/p><p class=\"login-remember\"><label><input name=\"rememberme\" type=\"checkbox\" id=\"rememberme\" value=\"forever\" \/> Angemeldet bleiben<\/label><\/p><p class=\"login-submit\">\n\t\t\t\t<input type=\"submit\" name=\"wp-submit\" id=\"wp-submit\" class=\"button button-primary\" value=\"Anmelden\" \/>\n\t\t\t\t<input type=\"hidden\" name=\"redirect_to\" value=\"https:\/\/sonnenpool.com\/de\/wp-json\/wp\/v2\/pages\/3257\" \/>\n\t\t\t<\/p><input type=\"hidden\" id=\"members_login_nonce\" name=\"members_login_nonce\" value=\"c33094437b\" \/><input type=\"hidden\" name=\"_wp_http_referer\" value=\"\/de\/wp-json\/wp\/v2\/pages\/3257\" \/><\/form>        <\/div>\n                <style>\n            .members-login-form * {\n                box-sizing: border-box;\n            }\n            .members-login-form label {\n                display: block;\n                margin-bottom: 4px;\n                font-size: 18px;\n                font-weight: 500;\n            }\n            .members-login-form input[type=\"text\"],\n            .members-login-form input[type=\"password\"] {\n                width: 100%;\n                max-width: 320px;\n                padding: 0.5rem 0.75rem;\n                border: 1px solid #64748b;\n                border-radius: 4px;\n                font-size: 16px;\n            }\n            .members-login-form input[type=\"submit\"] {\n                width: 100%;\n                max-width: 320px;\n                padding: 0.75rem;\n                cursor: pointer;\n                background: #64748b;\n                border: 0;\n                border-radius: 4px;\n                color: #fff;\n                font-size: 16px;\n                font-weight: 500;\n            }\n            .members-logged-in input[type=\"submit\"] {\n                pointer-events: none;\n                opacity: 0.4;\n                cursor: not-allowed;\n            }\n            .members-login-notice {\n                display: block !important;\n                max-width: 320px;\n                padding: 10px;\n                background: #f1f1f1;\n                border-radius: 4px;\n                border-left: 3px solid #36d651;\n                font-size: 18px;\n                font-weight: 500;\n            }\n            .members-login-error {\n                border-left-color: #d63638;\n            }\n        <\/style>\n    [\/vc_column_text][\/vc_column][\/vc_row][vc_row type=&#8220;in_container&#8220; full_screen_row_position=&#8220;middle&#8220; column_margin=&#8220;default&#8220; column_direction=&#8220;default&#8220; column_direction_tablet=&#8220;default&#8220; column_direction_phone=&#8220;default&#8220; scene_position=&#8220;center&#8220; text_color=&#8220;dark&#8220; text_align=&#8220;left&#8220; row_border_radius=&#8220;none&#8220; row_border_radius_applies=&#8220;bg&#8220; overflow=&#8220;visible&#8220; disable_element=&#8220;yes&#8220; overlay_strength=&#8220;0.3&#8243; gradient_direction=&#8220;left_to_right&#8220; shape_divider_position=&#8220;bottom&#8220; bg_image_animation=&#8220;none&#8220; gradient_type=&#8220;default&#8220; shape_type=&#8220;&#8220;][vc_column column_padding=&#8220;no-extra-padding&#8220; column_padding_tablet=&#8220;inherit&#8220; column_padding_phone=&#8220;inherit&#8220; column_padding_position=&#8220;all&#8220; column_element_direction_desktop=&#8220;default&#8220; column_element_spacing=&#8220;default&#8220; desktop_text_alignment=&#8220;default&#8220; tablet_text_alignment=&#8220;default&#8220; phone_text_alignment=&#8220;default&#8220; background_color_opacity=&#8220;1&#8243; background_hover_color_opacity=&#8220;1&#8243; column_backdrop_filter=&#8220;none&#8220; column_shadow=&#8220;none&#8220; column_border_radius=&#8220;none&#8220; column_link_target=&#8220;_self&#8220; column_position=&#8220;default&#8220; gradient_direction=&#8220;left_to_right&#8220; overlay_strength=&#8220;0.3&#8243; width=&#8220;1\/1&#8243; tablet_width_inherit=&#8220;default&#8220; animation_type=&#8220;default&#8220; bg_image_animation=&#8220;none&#8220; border_type=&#8220;simple&#8220; column_border_width=&#8220;none&#8220; column_border_style=&#8220;solid&#8220;][vc_column_text css=&#8220;&#8220; text_direction=&#8220;default&#8220;]\n<div class=\"w3eden wpdm-auth-page\" id=\"wpdmloginpage\">\n    <div class=\"wpdm-auth-split\" id=\"wpdmlogin\">\n        <div class=\"wpdm-auth-panel\">\n            <!-- Left Panel - Decorative -->\n            <div class=\"wpdm-auth-left\">\n                <div class=\"wpdm-auth-grid\"><\/div>\n                <div class=\"wpdm-auth-circles\">\n                    <div class=\"wpdm-auth-circle\"><\/div>\n                    <div class=\"wpdm-auth-circle\"><\/div>\n                    <div class=\"wpdm-auth-circle\"><\/div>\n                    <div class=\"wpdm-auth-circle\"><\/div>\n                <\/div>\n\n                <div class=\"wpdm-auth-brand\">\n                    <a href=\"https:\/\/sonnenpool.com\/de\/\">\n                                            <img decoding=\"async\" src=\"https:\/\/sonnenpool.com\/wp-content\/uploads\/2020\/05\/cropped-Sonnenpool-Favicon-2.png\" alt=\"sonnenpool.com\" title=\"\">\n                                        <span>sonnenpool.com<\/span>\n                    <\/a>\n                <\/div>\n\n                <div class=\"wpdm-auth-welcome\">\n                    <div class=\"wpdm-auth-welcome-sub\">Nice to see you again<\/div>\n                    <div class=\"wpdm-auth-welcome-title\">WELCOME BACK<\/div>\n                    <div class=\"wpdm-auth-welcome-line\"><\/div>\n                    <div class=\"wpdm-auth-welcome-text\">\n                        Sign in to access your account, manage your downloads, and explore all the features available to you.                    <\/div>\n                <\/div>\n            <\/div>\n\n            <!-- Right Panel - Form -->\n            <div class=\"wpdm-auth-right\">\n\n\n                <div class=\"wpdm-auth-form-header\">\n                    <h1 class=\"wpdm-auth-form-title\">Login Account<\/h1>\n                    <p class=\"wpdm-auth-form-desc\">Enter your credentials to access your account and continue where you left off.<\/p>\n                <\/div>\n                                <form name=\"loginform\" id=\"loginform\" action=\"\" method=\"post\">\n                    <input type=\"hidden\" name=\"permalink\" value=\"https:\/\/sonnenpool.com\/de\/haendler-bereich\/\" \/>\n\n                    <!-- Alerts -->\n                    <div id=\"__signin_msg\">\n                                            <\/div>\n\n                    \n                    <!-- Email -->\n                    <div class=\"wpdm-auth-field\">\n                        <div class=\"wpdm-auth-input-wrap\">\n                            <input type=\"text\" name=\"wpdm_login[log]\" id=\"user_login\" class=\"wpdm-auth-input\" required placeholder=\"Email ID\" autocomplete=\"username\" \/>\n                        <\/div>\n                    <\/div>\n\n                    <!-- Password -->\n                    <div class=\"wpdm-auth-field\">\n                        <div class=\"wpdm-auth-input-wrap\">\n                            <input type=\"password\" name=\"wpdm_login[pwd]\" id=\"password\" class=\"wpdm-auth-input has-toggle\" required placeholder=\"Passwort\" autocomplete=\"current-password\" \/>\n                            <button type=\"button\" class=\"wpdm-auth-pwd-toggle\" onclick=\"wpdmTogglePwd()\" aria-label=\"Toggle password visibility\">\n                                <svg id=\"wpdm-eye\" viewBox=\"0 0 24 24\" fill=\"none\" stroke=\"currentColor\" stroke-width=\"2\"><path d=\"M1 12s4-8 11-8 11 8 11 8-4 8-11 8-11-8-11-8z\"\/><circle cx=\"12\" cy=\"12\" r=\"3\"\/><\/svg>\n                                <svg id=\"wpdm-eye-off\" style=\"display:none\" viewBox=\"0 0 24 24\" fill=\"none\" stroke=\"currentColor\" stroke-width=\"2\"><path d=\"M17.94 17.94A10.07 10.07 0 0 1 12 20c-7 0-11-8-11-8a18.45 18.45 0 0 1 5.06-5.94M9.9 4.24A9.12 9.12 0 0 1 12 4c7 0 11 8 11 8a18.5 18.5 0 0 1-2.16 3.19m-6.72-1.07a3 3 0 1 1-4.24-4.24\"\/><line x1=\"1\" y1=\"1\" x2=\"23\" y2=\"23\"\/><\/svg>\n                            <\/button>\n                        <\/div>\n                    <\/div>\n\n                    <!-- Hidden hash -->\n                                        <input type=\"hidden\" name=\"__phash\" id=\"__phash\" value=\"OSK40TYhiYi00aHmrG00JP0ubJlH5QV1fp4TlnuzZ0-gJN09sxc_MhndVwp86tMLqNog3XUo77Tk1ehKRPhGrR5TfjVlwfDdv4kW66675d_TF11PkBLH4eqYPQ3cXSmaNGvAV86GDN6rooO4rXGs9uj13NOOSuvnSNBUcIvR4B32zr6Umt6Pn59lW4OMq7JV84yWKXP0n1WKzfKYi0PF0-GvBkS5s0fNLE3Bw8R9kluJJZmw9FJ-MWItDqDDR4iLWAhEjCdBDGDZrM1evP4kXlI_GZv-XXg5OzXUJKz-PMJAQKRC0NRnACGtf3b6h5HPqjtY92-9IiuebnABHMn_P75x3xE6XGsvQJ8xRgZFr7NP1EaAeoUnmOLVEh4GxVALEl5GsiQ34wQX3tPzZTXJxrLfyhfvh7bgqzevi-6tchqb1usMyyx81RKgWVdYnuCtv3L85kx-K1C6OaDiD7r0fAvR8JUcUPrcC-plwQGG5Wm01eNbWcsYYVD4cdqLoc7L5\" \/>\n\n                    \n                                        \n                    <!-- Remember & Forgot -->\n                    <div class=\"wpdm-auth-meta\">\n                        <label class=\"wpdm-auth-remember\">\n                            <input type=\"checkbox\" name=\"rememberme\" id=\"rememberme\" value=\"forever\" \/>\n                            <span class=\"wpdm-auth-check\">\n                                <svg viewBox=\"0 0 24 24\" fill=\"none\" stroke=\"currentColor\" stroke-width=\"3\"><polyline points=\"20 6 9 17 4 12\"\/><\/svg>\n                            <\/span>\n                            <span>Keep me signed in<\/span>\n                        <\/label>\n                        <a href=\"https:\/\/sonnenpool.com\/de\/wp-login.php?action=lostpassword\" class=\"wpdm-auth-forgot\">Forgot password?<\/a>\n                    <\/div>\n\n                    <!-- Submit -->\n                    <button type=\"submit\" name=\"wp-submit\" id=\"loginform-submit\" class=\"wpdm-auth-btn\">\n                        <span>Sign In<\/span>\n                    <\/button>\n\n                    <!-- Register Link -->\n                    \n                    <input type=\"hidden\" name=\"redirect_to\" value=\"\/de\/wp-json\/wp\/v2\/pages\/3257\" \/>\n                <\/form>\n\n                <!-- Social Login -->\n                \n                            <\/div>\n        <\/div>\n    <\/div>\n<\/div>\n\n<script>\nfunction wpdmTogglePwd() {\n    var pwd = document.getElementById('password');\n    var eye = document.getElementById('wpdm-eye');\n    var eyeOff = document.getElementById('wpdm-eye-off');\n    if (pwd.type === 'password') {\n        pwd.type = 'text';\n        eye.style.display = 'none';\n        eyeOff.style.display = 'block';\n    } else {\n        pwd.type = 'password';\n        eye.style.display = 'block';\n        eyeOff.style.display = 'none';\n    }\n}\n\njQuery(function ($) {\n        var $btn = $('#loginform-submit');\n    var btnHtml = $btn.html();\n\n    $('#loginform').submit(function () {\n        $btn.html('<span class=\"wpdm-auth-spinner\"><\/span><span>Signing in...<\/span>').attr('disabled', 'disabled');\n\n        $(this).ajaxSubmit({\n            error: function(error) {\n                if(typeof error.responseJSON !== 'undefined') {\n                    showErr(error.responseJSON.messages || error.responseJSON.message);\n                    $btn.html(btnHtml).removeAttr('disabled');\n                                    } else {\n                    setTimeout(function () {\n                        location.href = \"\/de\/wp-json\/wp\/v2\/pages\/3257\";\n                    }, 1000);\n                }\n            },\n            success: async function (res) {\n                if (!res.success) {\n                    showErr(res.message);\n                    $btn.html(btnHtml).removeAttr('disabled');\n                                    } else {\n                    let proceed = await WPDM.doAction(\"wpdm_user_login\", res);\n                    $btn.html('<svg viewBox=\"0 0 24 24\" width=\"16\" height=\"16\" fill=\"none\" stroke=\"currentColor\" stroke-width=\"2\"><path d=\"M22 11.08V12a10 10 0 1 1-5.93-9.14\"\/><polyline points=\"22 4 12 14.01 9 11.01\"\/><\/svg><span>' + res.message + '<\/span>');\n                    setTimeout(function () {\n                        location.href = \"\/de\/wp-json\/wp\/v2\/pages\/3257\";\n                    }, 1000);\n                }\n            }\n        });\n        return false;\n    });\n    \n    function showErr(msg) {\n        $('#loginform .wpdm-auth-alert.error').remove();\n        var html = '<div class=\"wpdm-auth-alert error\">' +\n            '<svg viewBox=\"0 0 24 24\" fill=\"none\" stroke=\"currentColor\" stroke-width=\"2\"><circle cx=\"12\" cy=\"12\" r=\"10\"\/><line x1=\"15\" y1=\"9\" x2=\"9\" y2=\"15\"\/><line x1=\"9\" y1=\"9\" x2=\"15\" y2=\"15\"\/><\/svg>' +\n            '<span>' + msg + '<\/span><\/div>';\n        $('#loginform').prepend(html);\n    }\n\n    $('body').on('click', '.wpdm-auth-alert.error', function(){\n        $(this).slideUp(150, function() { $(this).remove(); });\n    });\n});\n<\/script>\n[\/vc_column_text][\/vc_column][\/vc_row][vc_row type=&#8220;full_width_background&#8220; full_screen_row_position=&#8220;middle&#8220; column_margin=&#8220;default&#8220; column_direction=&#8220;default&#8220; column_direction_tablet=&#8220;default&#8220; column_direction_phone=&#8220;default&#8220; scene_position=&#8220;center&#8220; top_padding=&#8220;8%&#8220; constrain_group_1=&#8220;yes&#8220; bottom_padding=&#8220;8%&#8220; text_color=&#8220;dark&#8220; text_align=&#8220;left&#8220; row_border_radius=&#8220;none&#8220; row_border_radius_applies=&#8220;bg&#8220; overflow=&#8220;visible&#8220; class=&#8220;nonloggato&#8220; overlay_strength=&#8220;0.3&#8243; gradient_direction=&#8220;left_to_right&#8220; shape_divider_position=&#8220;bottom&#8220; bg_image_animation=&#8220;none&#8220; gradient_type=&#8220;default&#8220; shape_type=&#8220;&#8220;][vc_column column_padding=&#8220;no-extra-padding&#8220; column_padding_tablet=&#8220;inherit&#8220; column_padding_phone=&#8220;inherit&#8220; column_padding_position=&#8220;all&#8220; column_element_direction_desktop=&#8220;default&#8220; column_element_spacing=&#8220;default&#8220; desktop_text_alignment=&#8220;default&#8220; tablet_text_alignment=&#8220;default&#8220; phone_text_alignment=&#8220;default&#8220; background_color_opacity=&#8220;1&#8243; background_hover_color_opacity=&#8220;1&#8243; column_backdrop_filter=&#8220;none&#8220; column_shadow=&#8220;none&#8220; column_border_radius=&#8220;none&#8220; column_link_target=&#8220;_self&#8220; column_position=&#8220;default&#8220; gradient_direction=&#8220;left_to_right&#8220; overlay_strength=&#8220;0.3&#8243; width=&#8220;1\/1&#8243; tablet_width_inherit=&#8220;default&#8220; animation_type=&#8220;default&#8220; bg_image_animation=&#8220;none&#8220; border_type=&#8220;simple&#8220; column_border_width=&#8220;none&#8220; column_border_style=&#8220;solid&#8220;][vc_column_text css=&#8220;&#8220; text_direction=&#8220;default&#8220;]        <div id=\"wpdmtree\"><\/div>    <link rel=\"stylesheet\" href=\"https:\/\/sonnenpool.com\/wp-content\/plugins\/wpdm-extended-shortcodes\/css\/jqueryFileTree.css\" \/>    <div id=\"tree6a090048e489d\"><\/div>    <script>        jQuery( function($) {            var nw = 0;            $.getScript('https:\/\/sonnenpool.com\/wp-content\/plugins\/wpdm-extended-shortcodes\/js\/jqueryFileTree.js', function() {              $('#tree6a090048e489d').fileTree({                script: 'https:\/\/sonnenpool.com\/de\/?task=wpdm_tree&params=OqMc9Er-bz9VTo2Xpma9UgNU8ZBosrQBLcONalptu0n7NenjvN5hjt3aUMMotYFoFcDOW9Jjkiizj1gegTU9Ar7UfIZuxqYKnin7orBksW2g',                expandSpeed: 1000,                collapseSpeed: 1000,                root: '\/',                multiFolder: false            }, function(file) {               if(nw === 1)                window.open(file);                else                location.href = file;            });            });        });    <\/script>[\/vc_column_text][\/vc_column][\/vc_row]\n","protected":false},"excerpt":{"rendered":"<p>[vc_row type=&#8220;full_width_background&#8220; full_screen_row_position=&#8220;middle&#8220; column_margin=&#8220;default&#8220; column_direction=&#8220;default&#8220; column_direction_tablet=&#8220;default&#8220; column_direction_phone=&#8220;default&#8220; bg_color=&#8220;#f4f4f4&#8243; scene_position=&#8220;center&#8220; top_padding=&#8220;15%&#8220; bottom_padding=&#8220;7%&#8220; top_padding_phone=&#8220;20%&#8220; text_color=&#8220;dark&#8220; text_align=&#8220;left&#8220; row_border_radius=&#8220;none&#8220; row_border_radius_applies=&#8220;bg&#8220; overflow=&#8220;visible&#8220; overlay_strength=&#8220;0.3&#8243; gradient_direction=&#8220;left_to_right&#8220; shape_divider_position=&#8220;bottom&#8220; bg_image_animation=&#8220;none&#8220; shape_type=&#8220;&#8220; gradient_type=&#8220;default&#8220;][vc_column column_padding=&#8220;no-extra-padding&#8220; column_padding_tablet=&#8220;inherit&#8220; column_padding_phone=&#8220;inherit&#8220; column_padding_position=&#8220;all&#8220; column_element_direction_desktop=&#8220;default&#8220; column_element_spacing=&#8220;default&#8220; desktop_text_alignment=&#8220;default&#8220;&#8230;<\/p>\n","protected":false},"author":1,"featured_media":0,"parent":0,"menu_order":0,"comment_status":"closed","ping_status":"closed","template":"","meta":{"inline_featured_image":false,"footnotes":""},"class_list":["post-3257","page","type-page","status-publish"],"_links":{"self":[{"href":"https:\/\/sonnenpool.com\/de\/wp-json\/wp\/v2\/pages\/3257","targetHints":{"allow":["GET"]}}],"collection":[{"href":"https:\/\/sonnenpool.com\/de\/wp-json\/wp\/v2\/pages"}],"about":[{"href":"https:\/\/sonnenpool.com\/de\/wp-json\/wp\/v2\/types\/page"}],"author":[{"embeddable":true,"href":"https:\/\/sonnenpool.com\/de\/wp-json\/wp\/v2\/users\/1"}],"replies":[{"embeddable":true,"href":"https:\/\/sonnenpool.com\/de\/wp-json\/wp\/v2\/comments?post=3257"}],"version-history":[{"count":11,"href":"https:\/\/sonnenpool.com\/de\/wp-json\/wp\/v2\/pages\/3257\/revisions"}],"predecessor-version":[{"id":3306,"href":"https:\/\/sonnenpool.com\/de\/wp-json\/wp\/v2\/pages\/3257\/revisions\/3306"}],"wp:attachment":[{"href":"https:\/\/sonnenpool.com\/de\/wp-json\/wp\/v2\/media?parent=3257"}],"curies":[{"name":"wp","href":"https:\/\/api.w.org\/{rel}","templated":true}]}}