{"id":3,"date":"2020-04-28T11:16:51","date_gmt":"2020-04-28T11:16:51","guid":{"rendered":"https:\/\/sonnenpool.com\/?page_id=3"},"modified":"2024-09-02T14:39:08","modified_gmt":"2024-09-02T14:39:08","slug":"privacy-policy","status":"publish","type":"page","link":"https:\/\/sonnenpool.com\/de\/privacy-policy\/","title":{"rendered":"Privacy Policy"},"content":{"rendered":"\n<h2 class=\"wp-block-heading\"><strong><em>im Sinne des Art. 13 der Verordnung EU 679\/2016<\/em><\/strong><\/h2>\n\n\n\n<p>Die Sonnenpool GmbH teilt folgendes mit:<\/p>\n\n\n\n<ol style=\"list-style-type:lower-alpha\" class=\"wp-block-list\">\n<li><strong>Identit\u00e4t und Kontaktdaten des Verantwortlichen<\/strong><\/li>\n<\/ol>\n\n\n\n<p>Verantwortlicher ist die Firma Sonnenpool GmbH mit Rechtssitz in Industriestrasse 1\/12, 39011 Lana (BZ).<\/p>\n\n\n\n<p>Der Verantwortliche kann unter folgenden Adressen kontaktiert werden: Tel.-Nr.: 0473561878 E- Mail: <a href=\"mailto:info@sonnenpool.com\">info@sonnenpool.com<\/a><\/p>\n\n\n\n<ul class=\"wp-block-list\">\n<li><strong>Zweck der Datenverarbeitung<\/strong><\/li>\n<\/ul>\n\n\n\n<p>Ihre Daten werden zur Ausf\u00fchrung des zwischen Ihnen und unserem Unternehmen bestehenden Vertrags und zur Erf\u00fcllung der damit verbundenen gesetzlichen Pflichten verarbeitet. Im Detail werden Ihre Daten f\u00fcr folgende Zwecke erfasst und verarbeitet: Ausf\u00fchrung des erteilten Auftrages und aller damit verbundenen T\u00e4tigkeiten (z.B. Erstellung des Angebots, der Lieferscheine und der Rechnungen).<\/p>\n\n\n\n<ul class=\"wp-block-list\">\n<li><strong>Stellen\/Personen, denen die personenbezogenen Daten offengelegt werden k\u00f6nnen<\/strong><\/li>\n<\/ul>\n\n\n\n<p>Ihre Daten k\u00f6nnen zur Erbringung der vereinbarten Leistung \u2013 beispielsweise, ohne Anspruch auf Vollst\u00e4ndigkeit &#8211; Wirtschaftspr\u00fcfern, Steuerberatern, Bankinstituten, Versicherungen offengelegt werden. Offengelegt werden ausschlie\u00dflich die zur Ausf\u00fchrung der geforderten Leistung unbedingt n\u00f6tigen Daten. Die Offenlegung dieser Daten ist zur Ausf\u00fchrung des abgeschlossenen Vertrags verpflichtend und die etwaige Zur\u00fcckhaltung dieser Daten hat f\u00fcr das Unternehmen zur Folge, dass die vereinbarten Leistungen nicht erbracht werden k\u00f6nnen.<\/p>\n\n\n\n<ul class=\"wp-block-list\">\n<li><strong>\u00dcbermittlung personenbezogener Daten an Drittl\u00e4nder oder internationale Organisationen<\/strong><\/li>\n<\/ul>\n\n\n\n<p>Ihre Daten, werden nicht an Drittl\u00e4nder au\u00dferhalb der EU \u00fcbermittelt, au\u00dfer zur Ausf\u00fchrung des zwischen Ihnen und unserem Unternehmen bestehenden Vertrags und zur Erf\u00fcllung der damit verbundenen gesetzlichen Pflichten <em>(siehe Punkt b.)<\/em><\/p>\n\n\n\n<ul class=\"wp-block-list\">\n<li><strong>Dauer der Speicherung der personenbezogenen Daten<\/strong><\/li>\n<\/ul>\n\n\n\n<p>Ihre personenbezogenen Daten werden f\u00fcr den unbedingt f\u00fcr die Ausf\u00fchrung der vereinbarten Vertragsleistung erforderlichen Zeitraum unter Einhaltung aller \u00fcbrigen zivilrechtlichen und steuerrechtlichen Rechtsvorschriften gespeichert, die eventuell l\u00e4ngere Speicherfristen vorschreiben.<\/p>\n\n\n\n<ul class=\"wp-block-list\">\n<li><strong>Rechte des Betroffenen und Widerruf der Einwilligung<\/strong><\/li>\n<\/ul>\n\n\n\n<p>Sie haben jederzeit das Recht, bei Verantwortlichen Zugriff auf Ihre Daten zu beantragen und die Richtigstellung oder L\u00f6schung dieser Daten zu verlangen. Sie erhalten innerhalb von 30 Tagen eine schriftliche Antwort, soweit nicht ausdr\u00fccklich eine m\u00fcndliche Antwort gefordert wird; diese Antwort kann auch mit elektronischen Mitteln erfolgen. Dar\u00fcber hinaus haben Sie das Recht, die Einschr\u00e4nkung der Verarbeitung zu verlangen bzw. Widerspruch dagegen einzulegen.<\/p>\n\n\n\n<ul class=\"wp-block-list\">\n<li><strong>Recht, bei der Aufsichtsbeh\u00f6rde Beschwerde einzulegen<\/strong><\/li>\n<\/ul>\n\n\n\n<p>Falls Sie der Ansicht sind, dass Ihre Daten widerrechtlich verarbeitet wurden, haben Sie das Recht, bei der Aufsichtsbeh\u00f6rde Beschwerde einzulegen.<\/p>\n\n\n\n<ul class=\"wp-block-list\">\n<li><strong>Unterscheidung zwischen obligatorischen oder fakultativen Datenangaben und Folgen der Nichtmitteilung von Daten<\/strong><\/li>\n<\/ul>\n\n\n\n<p>Die obligatorische Bekanntgabe von Daten betrifft nur die Daten, die f\u00fcr die unter Punkt b) vorgesehenen Zwecke n\u00f6tig sind. Die Nichtmitteilung dieser Daten hat zur Folge, dass der abgeschlossene Vertrag nicht ausgef\u00fchrt werden kann.<\/p>\n\n\n\n<ol style=\"list-style-type:lower-roman\" class=\"wp-block-list\">\n<li><strong>Automatisierte Entscheidungsprozesse<\/strong><\/li>\n<\/ol>\n\n\n\n<p>Der Verantwortliche macht keinen Gebrauch von automatisierten Entscheidungsprozessen in Zusammenhang mit Ihren personenbezogenen Daten.<\/p>\n","protected":false},"excerpt":{"rendered":"<p>im Sinne des Art. 13 der Verordnung EU 679\/2016 Die Sonnenpool GmbH teilt folgendes mit: Verantwortlicher ist die Firma Sonnenpool GmbH mit Rechtssitz in Industriestrasse 1\/12, 39011 Lana (BZ). Der&#8230;<\/p>\n","protected":false},"author":1,"featured_media":0,"parent":0,"menu_order":0,"comment_status":"closed","ping_status":"open","template":"","meta":{"inline_featured_image":false,"footnotes":""},"class_list":["post-3","page","type-page","status-publish"],"_links":{"self":[{"href":"https:\/\/sonnenpool.com\/de\/wp-json\/wp\/v2\/pages\/3","targetHints":{"allow":["GET"]}}],"collection":[{"href":"https:\/\/sonnenpool.com\/de\/wp-json\/wp\/v2\/pages"}],"about":[{"href":"https:\/\/sonnenpool.com\/de\/wp-json\/wp\/v2\/types\/page"}],"author":[{"embeddable":true,"href":"https:\/\/sonnenpool.com\/de\/wp-json\/wp\/v2\/users\/1"}],"replies":[{"embeddable":true,"href":"https:\/\/sonnenpool.com\/de\/wp-json\/wp\/v2\/comments?post=3"}],"version-history":[{"count":2,"href":"https:\/\/sonnenpool.com\/de\/wp-json\/wp\/v2\/pages\/3\/revisions"}],"predecessor-version":[{"id":3201,"href":"https:\/\/sonnenpool.com\/de\/wp-json\/wp\/v2\/pages\/3\/revisions\/3201"}],"wp:attachment":[{"href":"https:\/\/sonnenpool.com\/de\/wp-json\/wp\/v2\/media?parent=3"}],"curies":[{"name":"wp","href":"https:\/\/api.w.org\/{rel}","templated":true}]}}